{"id":1440,"date":"2020-04-02T09:12:51","date_gmt":"2020-04-02T06:12:51","guid":{"rendered":"https:\/\/www.mmab.ee\/kontakt\/"},"modified":"2023-05-16T12:28:10","modified_gmt":"2023-05-16T09:28:10","slug":"k%d0%be%d0%bd%d1%82%d0%b0%d0%ba%d1%82","status":"publish","type":"page","link":"https:\/\/www.mmab.ee\/ru\/k%d0%be%d0%bd%d1%82%d0%b0%d0%ba%d1%82\/","title":{"rendered":"K\u043e\u043d\u0442\u0430\u043a\u0442"},"content":{"rendered":"<div  class='av_gmaps_sc_main_wrap av_gmaps_main_wrap '><div id='av_gmap_0' class='avia-google-map-container avia-google-map-sc av_gmaps_show_unconditionally av-no-fallback-img ' data-mapid='av_gmap_0'  style='height: 400px;'><a class=\"av_gmaps_browser_disabled av_text_confirm_link av_text_confirm_link_visible\" href=\"https:\/\/www.google.com\/maps\/search\/?api=1&#038;query=Tatari%2025%2010116%20Tallinn%20Harjumaa%20Eesti\" target=\"_blank\" rel=\"noopener\">Maps were disabled by the visitor on this site. Click to open the map in a new window.<\/a><\/div><\/div>\n<div id='av_section_1'  class='avia-section main_color avia-section-huge avia-no-shadow  avia-bg-style-scroll  avia-builder-el-1  el_after_av_google_map  avia-builder-el-last   container_wrap fullsize' style=' '  ><div class='container' ><div class='template-page content  av-content-full alpha units'><div class='post-entry post-entry-type-page post-entry-1440'><div class='entry-content-wrapper clearfix'>\n<div class=\"flex_column av_one_half  av-animated-generic bottom-to-top  flex_column_div av-zero-column-padding first  avia-builder-el-2  el_before_av_one_half  avia-builder-el-first  \" style='border-radius:0px; '><p><div  style='padding-bottom:10px; font-size:50px;' class='av-special-heading av-special-heading-h4  blockquote modern-quote  avia-builder-el-3  el_before_av_textblock  avia-builder-el-first  av-inherit-size '><h4 class='av-special-heading-tag '  itemprop=\"headline\"  >\u041a\u043e\u043d\u0442\u0430\u043a\u0442\u044b<\/h4><div class='special-heading-border'><div class='special-heading-inner-border' ><\/div><\/div><\/div><br \/>\n<section class=\"av_textblock_section \"  itemscope=\"itemscope\" itemtype=\"https:\/\/schema.org\/CreativeWork\" ><div class='avia_textblock  '   itemprop=\"text\" ><p>\u0410\u0414\u0412\u041e\u041a\u0410\u0422\u0421\u041a\u041e\u0415 \u0411\u042e\u0420\u041e \u041c\u0410\u0420\u0418\u042f \u041c\u042f\u0413\u0418<\/p>\n<p><strong>Tatari 25<\/strong><br \/>\n<strong> 10116 \u0422\u0430\u043b\u043b\u0438\u043d, \u042d\u0441\u0442\u043e\u043d\u0438\u044f<\/strong><\/p>\n<p>\u0422\u0435\u043b: +372 66 40 600<br \/>\n\u042d\u043b. \u043f\u043e\u0447\u0442\u0430: <a href=\"mailto:mmab@mmab.ee\">mmab@mmab.ee<\/a><\/p>\n<p>Maria M\u00e4gi Advokaadib\u00fcroo O\u00dc<br \/>\n\u0420\u0435\u0433. \u043d\u043e\u043c\u0435\u0440: 11455318<br \/>\nVAT: EE101200534<\/p>\n<\/div><\/section><br \/>\n<section class=\"av_textblock_section \"  itemscope=\"itemscope\" itemtype=\"https:\/\/schema.org\/CreativeWork\" ><div class='avia_textblock  '   itemprop=\"text\" ><p>\u041c\u044b \u043f\u0440\u0435\u0434\u043b\u0430\u0433\u0430\u0435\u043c \u0441\u0432\u043e\u0438\u043c \u043a\u043b\u0438\u0435\u043d\u0442\u0430\u043c \u0441\u0430\u043c\u044b\u0435 \u043f\u043e\u0434\u0445\u043e\u0434\u044f\u0449\u0438\u0435 \u043f\u0440\u0430\u0432\u043e\u0432\u044b\u0435 \u0440\u0435\u0448\u0435\u043d\u0438\u044f, \u0434\u0435\u043b\u0430\u044f \u0441\u0442\u0430\u0432\u043a\u0443 \u043d\u0430 \u043f\u0440\u043e\u0444\u0435\u0441\u0441\u0438\u043e\u043d\u0430\u043b\u0438\u0437\u043c \u0438 \u043f\u0435\u0440\u0441\u043e\u043d\u0430\u043b\u044c\u043d\u044b\u0439 \u043f\u043e\u0434\u0445\u043e\u0434. \u041c\u044b \u0441\u0442\u0440\u0435\u043c\u0438\u043c\u0441\u044f \u0432 \u0438\u043d\u0442\u0435\u0440\u0435\u0441\u0430\u0445 \u0441\u0432\u043e\u0438\u0445 \u043a\u043b\u0438\u0435\u043d\u0442\u043e\u0432 \u043f\u0440\u0435\u0434\u0443\u043f\u0440\u0435\u0434\u0438\u0442\u044c \u0441\u043f\u043e\u0440\u044b, \u043f\u0440\u043e\u0432\u043e\u0434\u044f \u0434\u043b\u044f \u044d\u0442\u043e\u0433\u043e \u0442\u0449\u0430\u0442\u0435\u043b\u044c\u043d\u044b\u0439 \u044e\u0440\u0438\u0434\u0438\u0447\u0435\u0441\u043a\u0438\u0439 \u0430\u043d\u0430\u043b\u0438\u0437, \u0432\u0435\u0434\u044f \u0441\u043e\u0434\u0435\u0440\u0436\u0430\u0442\u0435\u043b\u044c\u043d\u044b\u0435 \u043f\u0435\u0440\u0435\u0433\u043e\u0432\u043e\u0440\u044b \u0438 \u0437\u0430\u043a\u043b\u044e\u0447\u0430\u044f \u0441 \u043a\u043b\u0438\u0435\u043d\u0442\u0430\u043c\u0438 \u0443\u0434\u043e\u0432\u043b\u0435\u0442\u0432\u043e\u0440\u044f\u044e\u0449\u0438\u0435 \u0438\u0445 \u0441\u043e\u0433\u043b\u0430\u0448\u0435\u043d\u0438\u044f.<\/p>\n<\/div><\/section><\/p><\/div><div class=\"flex_column av_one_half  av-animated-generic bottom-to-top  flex_column_div av-zero-column-padding   avia-builder-el-6  el_after_av_one_half  avia-builder-el-last  \" style='border-radius:0px; '><p><div  style='padding-bottom:10px; font-size:50px;' class='av-special-heading av-special-heading-h4  blockquote modern-quote  avia-builder-el-7  el_before_av_contact  avia-builder-el-first  av-inherit-size '><h4 class='av-special-heading-tag '  itemprop=\"headline\"  >\u041e\u0441\u0442\u0430\u0432\u044c\u0442\u0435 \u0441\u043e\u043e\u0431\u0449\u0435\u043d\u0438\u0435<\/h4><div class='special-heading-border'><div class='special-heading-inner-border' ><\/div><\/div><\/div><br \/>\n<form action=\"https:\/\/www.mmab.ee\/ru\/k%d0%be%d0%bd%d1%82%d0%b0%d0%ba%d1%82\/\" method=\"post\"  class=\"avia_ajax_form av-form-labels-hidden   avia-builder-el-8  el_after_av_heading  avia-builder-el-last   \" data-avia-form-id=\"1\" data-avia-redirect='' ><fieldset><p class='  first_form  form_element form_element_half' id='element_avia_1_1'><label for=\"avia_1_1\">\u0418\u043c\u044f <abbr class=\"required\" title=\"\u0442\u0440\u0435\u0431\u0443\u0435\u0442\u0441\u044f\">*<\/abbr><\/label> <input name=\"avia_1_1\" class=\"text_input is_empty\" type=\"text\" id=\"avia_1_1\" value=\"\"  placeholder='\u0418\u043c\u044f*'\/><\/p><p class='  form_element form_element_half' id='element_avia_2_1'><label for=\"avia_2_1\">\u042d\u043b. \u043f\u043e\u0447\u0442\u0430 <abbr class=\"required\" title=\"\u0442\u0440\u0435\u0431\u0443\u0435\u0442\u0441\u044f\">*<\/abbr><\/label> <input name=\"avia_2_1\" class=\"text_input is_email\" type=\"text\" id=\"avia_2_1\" value=\"\"  placeholder='\u042d\u043b. \u043f\u043e\u0447\u0442\u0430*'\/><\/p><p class='  first_form  form_element form_element_half' id='element_avia_3_1'><label for=\"avia_3_1\">\u0422\u0435\u043b\u0435\u0444\u043e\u043d<\/label> <input name=\"avia_3_1\" class=\"text_input \" type=\"text\" id=\"avia_3_1\" value=\"\"  placeholder='\u0422\u0435\u043b\u0435\u0444\u043e\u043d'\/><\/p><p class='  form_element form_element_half' id='element_avia_4_1'><label for=\"avia_4_1\">\u041a\u043e\u043c\u043f\u0430\u043d\u0438\u044f<\/label> <input name=\"avia_4_1\" class=\"text_input \" type=\"text\" id=\"avia_4_1\" value=\"\"  placeholder='\u041a\u043e\u043c\u043f\u0430\u043d\u0438\u044f'\/><\/p><p class='  first_form  form_element form_fullwidth av-last-visible-form-element' id='element_avia_5_1'><label for=\"avia_5_1\" class=\"textare_label hidden textare_label_avia_5_1\">\u0421\u043e\u043e\u0431\u0449\u0435\u043d\u0438\u0435 <abbr class=\"required\" title=\"\u0442\u0440\u0435\u0431\u0443\u0435\u0442\u0441\u044f\">*<\/abbr><\/label><textarea  placeholder='\u0421\u043e\u043e\u0431\u0449\u0435\u043d\u0438\u0435*' name=\"avia_5_1\" class=\"text_area is_empty\" cols=\"40\" rows=\"7\" id=\"avia_5_1\" ><\/textarea><\/p><p class=\"hidden\"><input type=\"text\" name=\"avia_6_1\" class=\"hidden \" id=\"avia_6_1\" value=\"\" \/><\/p><p class=\"form_element \"><input type=\"hidden\" value=\"1\" name=\"avia_generated_form1\" \/><input type=\"submit\" value=\"\u041e\u0442\u043f\u0440\u0430\u0432\u0438\u0442\u044c\" class=\"button\"  data-sending-label=\"\u041e\u0442\u043f\u0440\u0430\u0432\u043a\u0430\"\/><\/p><\/fieldset><\/form><div id=\"ajaxresponse_1\" class=\"ajaxresponse ajaxresponse_1 hidden\"><\/div><\/p><\/div>\n","protected":false},"excerpt":{"rendered":"","protected":false},"author":1,"featured_media":0,"parent":0,"menu_order":0,"comment_status":"open","ping_status":"closed","template":"","meta":{"footnotes":""},"class_list":["post-1440","page","type-page","status-publish","hentry"],"yoast_head":"<!-- This site is optimized with the Yoast SEO plugin v26.5 - https:\/\/yoast.com\/wordpress\/plugins\/seo\/ -->\n<title>K\u043e\u043d\u0442\u0430\u043a\u0442 - Maria M\u00e4gi Advokaadib\u00fcroo<\/title>\n<meta name=\"robots\" content=\"index, follow, max-snippet:-1, max-image-preview:large, max-video-preview:-1\" \/>\n<link rel=\"canonical\" href=\"https:\/\/www.mmab.ee\/ru\/k%d0%be%d0%bd%d1%82%d0%b0%d0%ba%d1%82\/\" \/>\n<meta property=\"og:locale\" content=\"ru_RU\" \/>\n<meta property=\"og:type\" content=\"article\" \/>\n<meta property=\"og:title\" content=\"K\u043e\u043d\u0442\u0430\u043a\u0442 - Maria M\u00e4gi Advokaadib\u00fcroo\" \/>\n<meta property=\"og:url\" content=\"https:\/\/www.mmab.ee\/ru\/k%d0%be%d0%bd%d1%82%d0%b0%d0%ba%d1%82\/\" \/>\n<meta property=\"og:site_name\" content=\"Maria M\u00e4gi Advokaadib\u00fcroo\" \/>\n<meta property=\"article:modified_time\" content=\"2023-05-16T09:28:10+00:00\" \/>\n<meta name=\"twitter:card\" content=\"summary_large_image\" \/>\n<meta name=\"twitter:label1\" content=\"\u041f\u0440\u0438\u043c\u0435\u0440\u043d\u043e\u0435 \u0432\u0440\u0435\u043c\u044f \u0434\u043b\u044f \u0447\u0442\u0435\u043d\u0438\u044f\" \/>\n\t<meta name=\"twitter:data1\" content=\"2 \u043c\u0438\u043d\u0443\u0442\u044b\" \/>\n<script type=\"application\/ld+json\" class=\"yoast-schema-graph\">{\"@context\":\"https:\/\/schema.org\",\"@graph\":[{\"@type\":\"WebPage\",\"@id\":\"https:\/\/www.mmab.ee\/ru\/k%d0%be%d0%bd%d1%82%d0%b0%d0%ba%d1%82\/\",\"url\":\"https:\/\/www.mmab.ee\/ru\/k%d0%be%d0%bd%d1%82%d0%b0%d0%ba%d1%82\/\",\"name\":\"K\u043e\u043d\u0442\u0430\u043a\u0442 - Maria M\u00e4gi Advokaadib\u00fcroo\",\"isPartOf\":{\"@id\":\"https:\/\/www.mmab.ee\/ru\/#website\"},\"datePublished\":\"2020-04-02T06:12:51+00:00\",\"dateModified\":\"2023-05-16T09:28:10+00:00\",\"breadcrumb\":{\"@id\":\"https:\/\/www.mmab.ee\/ru\/k%d0%be%d0%bd%d1%82%d0%b0%d0%ba%d1%82\/#breadcrumb\"},\"inLanguage\":\"ru-RU\",\"potentialAction\":[{\"@type\":\"ReadAction\",\"target\":[\"https:\/\/www.mmab.ee\/ru\/k%d0%be%d0%bd%d1%82%d0%b0%d0%ba%d1%82\/\"]}]},{\"@type\":\"BreadcrumbList\",\"@id\":\"https:\/\/www.mmab.ee\/ru\/k%d0%be%d0%bd%d1%82%d0%b0%d0%ba%d1%82\/#breadcrumb\",\"itemListElement\":[{\"@type\":\"ListItem\",\"position\":1,\"name\":\"Home\",\"item\":\"https:\/\/www.mmab.ee\/ru\/%d0%b0%d0%b4%d0%b2%d0%be%d0%ba%d0%b0%d1%82%d1%81%d0%ba%d0%be%d0%b5-%d0%b1%d1%8e%d1%80%d0%be-%d0%bc%d0%b0%d1%80%d0%b8%d1%8f-%d0%bc%d1%8f%d0%b3%d0%b8\/\"},{\"@type\":\"ListItem\",\"position\":2,\"name\":\"K\u043e\u043d\u0442\u0430\u043a\u0442\"}]},{\"@type\":\"WebSite\",\"@id\":\"https:\/\/www.mmab.ee\/ru\/#website\",\"url\":\"https:\/\/www.mmab.ee\/ru\/\",\"name\":\"Maria M\u00e4gi Advokaadib\u00fcroo\",\"description\":\"Advokaaditeenused k\u00f5igis peamistes \u00f5igusvaldkondades\",\"publisher\":{\"@id\":\"https:\/\/www.mmab.ee\/ru\/#organization\"},\"potentialAction\":[{\"@type\":\"SearchAction\",\"target\":{\"@type\":\"EntryPoint\",\"urlTemplate\":\"https:\/\/www.mmab.ee\/ru\/?s={search_term_string}\"},\"query-input\":{\"@type\":\"PropertyValueSpecification\",\"valueRequired\":true,\"valueName\":\"search_term_string\"}}],\"inLanguage\":\"ru-RU\"},{\"@type\":\"Organization\",\"@id\":\"https:\/\/www.mmab.ee\/ru\/#organization\",\"name\":\"Maria M\u00e4gi Advokaadib\u00fcroo\",\"url\":\"https:\/\/www.mmab.ee\/ru\/\",\"logo\":{\"@type\":\"ImageObject\",\"inLanguage\":\"ru-RU\",\"@id\":\"https:\/\/www.mmab.ee\/ru\/#\/schema\/logo\/image\/\",\"url\":\"https:\/\/www.mmab.ee\/wp-content\/uploads\/2020\/03\/favicon.png\",\"contentUrl\":\"https:\/\/www.mmab.ee\/wp-content\/uploads\/2020\/03\/favicon.png\",\"width\":512,\"height\":512,\"caption\":\"Maria M\u00e4gi Advokaadib\u00fcroo\"},\"image\":{\"@id\":\"https:\/\/www.mmab.ee\/ru\/#\/schema\/logo\/image\/\"}}]}<\/script>\n<!-- \/ Yoast SEO plugin. -->","yoast_head_json":{"title":"K\u043e\u043d\u0442\u0430\u043a\u0442 - Maria M\u00e4gi Advokaadib\u00fcroo","robots":{"index":"index","follow":"follow","max-snippet":"max-snippet:-1","max-image-preview":"max-image-preview:large","max-video-preview":"max-video-preview:-1"},"canonical":"https:\/\/www.mmab.ee\/ru\/k%d0%be%d0%bd%d1%82%d0%b0%d0%ba%d1%82\/","og_locale":"ru_RU","og_type":"article","og_title":"K\u043e\u043d\u0442\u0430\u043a\u0442 - Maria M\u00e4gi Advokaadib\u00fcroo","og_url":"https:\/\/www.mmab.ee\/ru\/k%d0%be%d0%bd%d1%82%d0%b0%d0%ba%d1%82\/","og_site_name":"Maria M\u00e4gi Advokaadib\u00fcroo","article_modified_time":"2023-05-16T09:28:10+00:00","twitter_card":"summary_large_image","twitter_misc":{"\u041f\u0440\u0438\u043c\u0435\u0440\u043d\u043e\u0435 \u0432\u0440\u0435\u043c\u044f \u0434\u043b\u044f \u0447\u0442\u0435\u043d\u0438\u044f":"2 \u043c\u0438\u043d\u0443\u0442\u044b"},"schema":{"@context":"https:\/\/schema.org","@graph":[{"@type":"WebPage","@id":"https:\/\/www.mmab.ee\/ru\/k%d0%be%d0%bd%d1%82%d0%b0%d0%ba%d1%82\/","url":"https:\/\/www.mmab.ee\/ru\/k%d0%be%d0%bd%d1%82%d0%b0%d0%ba%d1%82\/","name":"K\u043e\u043d\u0442\u0430\u043a\u0442 - Maria M\u00e4gi Advokaadib\u00fcroo","isPartOf":{"@id":"https:\/\/www.mmab.ee\/ru\/#website"},"datePublished":"2020-04-02T06:12:51+00:00","dateModified":"2023-05-16T09:28:10+00:00","breadcrumb":{"@id":"https:\/\/www.mmab.ee\/ru\/k%d0%be%d0%bd%d1%82%d0%b0%d0%ba%d1%82\/#breadcrumb"},"inLanguage":"ru-RU","potentialAction":[{"@type":"ReadAction","target":["https:\/\/www.mmab.ee\/ru\/k%d0%be%d0%bd%d1%82%d0%b0%d0%ba%d1%82\/"]}]},{"@type":"BreadcrumbList","@id":"https:\/\/www.mmab.ee\/ru\/k%d0%be%d0%bd%d1%82%d0%b0%d0%ba%d1%82\/#breadcrumb","itemListElement":[{"@type":"ListItem","position":1,"name":"Home","item":"https:\/\/www.mmab.ee\/ru\/%d0%b0%d0%b4%d0%b2%d0%be%d0%ba%d0%b0%d1%82%d1%81%d0%ba%d0%be%d0%b5-%d0%b1%d1%8e%d1%80%d0%be-%d0%bc%d0%b0%d1%80%d0%b8%d1%8f-%d0%bc%d1%8f%d0%b3%d0%b8\/"},{"@type":"ListItem","position":2,"name":"K\u043e\u043d\u0442\u0430\u043a\u0442"}]},{"@type":"WebSite","@id":"https:\/\/www.mmab.ee\/ru\/#website","url":"https:\/\/www.mmab.ee\/ru\/","name":"Maria M\u00e4gi Advokaadib\u00fcroo","description":"Advokaaditeenused k\u00f5igis peamistes \u00f5igusvaldkondades","publisher":{"@id":"https:\/\/www.mmab.ee\/ru\/#organization"},"potentialAction":[{"@type":"SearchAction","target":{"@type":"EntryPoint","urlTemplate":"https:\/\/www.mmab.ee\/ru\/?s={search_term_string}"},"query-input":{"@type":"PropertyValueSpecification","valueRequired":true,"valueName":"search_term_string"}}],"inLanguage":"ru-RU"},{"@type":"Organization","@id":"https:\/\/www.mmab.ee\/ru\/#organization","name":"Maria M\u00e4gi Advokaadib\u00fcroo","url":"https:\/\/www.mmab.ee\/ru\/","logo":{"@type":"ImageObject","inLanguage":"ru-RU","@id":"https:\/\/www.mmab.ee\/ru\/#\/schema\/logo\/image\/","url":"https:\/\/www.mmab.ee\/wp-content\/uploads\/2020\/03\/favicon.png","contentUrl":"https:\/\/www.mmab.ee\/wp-content\/uploads\/2020\/03\/favicon.png","width":512,"height":512,"caption":"Maria M\u00e4gi Advokaadib\u00fcroo"},"image":{"@id":"https:\/\/www.mmab.ee\/ru\/#\/schema\/logo\/image\/"}}]}},"_links":{"self":[{"href":"https:\/\/www.mmab.ee\/ru\/wp-json\/wp\/v2\/pages\/1440","targetHints":{"allow":["GET"]}}],"collection":[{"href":"https:\/\/www.mmab.ee\/ru\/wp-json\/wp\/v2\/pages"}],"about":[{"href":"https:\/\/www.mmab.ee\/ru\/wp-json\/wp\/v2\/types\/page"}],"author":[{"embeddable":true,"href":"https:\/\/www.mmab.ee\/ru\/wp-json\/wp\/v2\/users\/1"}],"replies":[{"embeddable":true,"href":"https:\/\/www.mmab.ee\/ru\/wp-json\/wp\/v2\/comments?post=1440"}],"version-history":[{"count":4,"href":"https:\/\/www.mmab.ee\/ru\/wp-json\/wp\/v2\/pages\/1440\/revisions"}],"predecessor-version":[{"id":2074,"href":"https:\/\/www.mmab.ee\/ru\/wp-json\/wp\/v2\/pages\/1440\/revisions\/2074"}],"wp:attachment":[{"href":"https:\/\/www.mmab.ee\/ru\/wp-json\/wp\/v2\/media?parent=1440"}],"curies":[{"name":"wp","href":"https:\/\/api.w.org\/{rel}","templated":true}]}}