{"id":1434,"date":"2020-04-02T09:12:44","date_gmt":"2020-04-02T06:12:44","guid":{"rendered":"https:\/\/www.mmab.ee\/buroo\/"},"modified":"2020-04-21T02:02:31","modified_gmt":"2020-04-20T23:02:31","slug":"o-%d0%bd%d0%b0%d1%81","status":"publish","type":"page","link":"https:\/\/www.mmab.ee\/ru\/o-%d0%bd%d0%b0%d1%81\/","title":{"rendered":"O \u043d\u0430\u0441"},"content":{"rendered":"<div id='av_section_1'  class='avia-section main_color avia-section-default avia-no-border-styling  avia-full-stretch av-parallax-section av-section-color-overlay-active avia-bg-style-parallax  avia-builder-el-0  el_before_av_section  avia-builder-el-first   av-minimum-height av-minimum-height-custom  container_wrap fullsize' style=' '  data-section-bg-repeat='stretch'><div class='av-parallax' data-avia-parallax-ratio='0.3' ><div class='av-parallax-inner main_color  avia-full-stretch' style = 'background-repeat: no-repeat; background-image: url(https:\/\/www.mmab.ee\/wp-content\/uploads\/2020\/03\/maria-magi-advokaadiburoo-advokaaditeenused-oigusvaldkondades-3.jpg);background-attachment: scroll; background-position: center center; ' ><\/div><\/div><div class='av-section-color-overlay-wrap'><div class='av-section-color-overlay' style='opacity: 0.6; background-color: #001f33; '><\/div><div class='container' style='height:300px'><main  role=\"main\" itemprop=\"mainContentOfPage\"  class='template-page content  av-content-full alpha units'><div class='post-entry post-entry-type-page post-entry-1434'><div class='entry-content-wrapper clearfix'>\n<div class=\"flex_column av_one_full  av-animated-generic left-to-right  flex_column_div av-zero-column-padding first  avia-builder-el-1  avia-builder-el-no-sibling  \" style='margin-top:0px; margin-bottom:0px; border-radius:0px; '><div  style='padding-bottom:0px; margin:0 0 0 0; color:#ffffff;font-size:4vw;' class='av-special-heading av-special-heading-h2 custom-color-heading blockquote modern-quote modern-centered  avia-builder-el-2  avia-builder-el-no-sibling  av-inherit-size '><h2 class='av-special-heading-tag '  itemprop=\"headline\"  >O \u0431\u044e\u0440\u043e<\/h2><div class='special-heading-border'><div class='special-heading-inner-border' style='border-color:#ffffff'><\/div><\/div><\/div><\/div><\/div><\/div><\/main><!-- close content main element --><\/div><\/div><\/div><div id='av_section_2'  class='avia-section main_color avia-section-huge avia-no-border-styling  avia-bg-style-scroll  avia-builder-el-3  el_after_av_section  avia-builder-el-last   container_wrap fullsize' style=' '  ><div class='container' ><div class='template-page content  av-content-full alpha units'><div class='post-entry post-entry-type-page post-entry-1434'><div class='entry-content-wrapper clearfix'>\n<div class='flex_column_table av-equal-height-column-flextable -flextable' style='margin-top:0px; margin-bottom:0px; '><div class=\"flex_column av_one_third  av-animated-generic left-to-right  flex_column_table_cell av-equal-height-column av-align-top first  avia-builder-el-4  el_before_av_one_third  avia-builder-el-first  \" style='background:linear-gradient(45deg,#001f33,#002856); padding:30px; background-color:#0a0a0a; border-radius:3px; '><p><div  style='padding-bottom:10px; margin-top:15; color:#ffffff;' class='av-special-heading av-special-heading-h2 custom-color-heading blockquote modern-quote  avia-builder-el-5  el_before_av_textblock  avia-builder-el-first  '><h2 class='av-special-heading-tag '  itemprop=\"headline\"  >\u0410\u0434\u0432\u043e\u043a\u0430\u0442\u0441\u043a\u043e\u0435 \u0431\u044e\u0440\u043e \u041c\u0430\u0440\u0438\u044f \u041c\u044f\u0433\u0438<\/h2><div class='special-heading-border'><div class='special-heading-inner-border' style='border-color:#ffffff'><\/div><\/div><\/div><br \/>\n<section class=\"av_textblock_section \"  itemscope=\"itemscope\" itemtype=\"https:\/\/schema.org\/CreativeWork\" ><div class='avia_textblock  av_inherit_color '  style='font-size:17px; color:#ffffff; '  itemprop=\"text\" ><p>\u2013 \u044d\u0442\u043e \u0441\u043e\u0432\u0440\u0435\u043c\u0435\u043d\u043d\u043e\u0435 \u0430\u0434\u0432\u043e\u043a\u0430\u0442\u0441\u043a\u043e\u0435 \u0431\u044e\u0440\u043e, \u043a\u043e\u0442\u043e\u0440\u043e\u0435 \u043a\u043e\u043d\u0441\u0443\u043b\u044c\u0442\u0438\u0440\u0443\u0435\u0442 \u0441\u0432\u043e\u0438\u0445 \u043a\u043b\u0438\u0435\u043d\u0442\u043e\u0432 \u0438 \u043e\u043a\u0430\u0437\u044b\u0432\u0430\u0435\u0442 \u0430\u0434\u0432\u043e\u043a\u0430\u0442\u0441\u043a\u0438\u0435 \u0443\u0441\u043b\u0443\u0433\u0438 \u0432 \u043e\u0441\u043d\u043e\u0432\u043d\u044b\u0445 \u043e\u0431\u043b\u0430\u0441\u0442\u044f\u0445 \u043f\u0440\u0430\u0432\u0430. \u041a\u043b\u0438\u0435\u043d\u0442\u0430\u043c\u0438 \u0430\u0434\u0432\u043e\u043a\u0430\u0442\u0441\u043a\u043e\u0433\u043e \u0431\u044e\u0440\u043e \u044f\u0432\u043b\u044f\u044e\u0442\u0441\u044f \u0432 \u043e\u0441\u043d\u043e\u0432\u043d\u043e\u043c \u043a\u0440\u0443\u043f\u043d\u044b\u0435 \u0438 \u0441\u0440\u0435\u0434\u043d\u0438\u0435 \u044d\u0441\u0442\u043e\u043d\u0441\u043a\u0438\u0435 \u0438 \u0437\u0430\u0440\u0443\u0431\u0435\u0436\u043d\u044b\u0435 \u043f\u0440\u0435\u0434\u043f\u0440\u0438\u044f\u0442\u0438\u044f, \u0430 \u0442\u0430\u043a\u0436\u0435 \u043c\u0435\u0441\u0442\u043d\u044b\u0435 \u0441\u0430\u043c\u043e\u0443\u043f\u0440\u0430\u0432\u043b\u0435\u043d\u0438\u044f \u0438 \u0440\u0430\u0437\u043b\u0438\u0447\u043d\u044b\u0435 \u0433\u043e\u0441\u0443\u0434\u0430\u0440\u0441\u0442\u0432\u0435\u043d\u043d\u044b\u0435 \u0441\u0442\u0440\u0443\u043a\u0442\u0443\u0440\u044b. \u0410\u0434\u0432\u043e\u043a\u0430\u0442\u0441\u043a\u043e\u0435 \u0431\u044e\u0440\u043e \u043e\u043a\u0430\u0437\u044b\u0432\u0430\u0435\u0442 \u0443\u0441\u043b\u0443\u0433\u0438 \u043d\u0430 \u044d\u0441\u0442\u043e\u043d\u0441\u043a\u043e\u043c, \u0430\u043d\u0433\u043b\u0438\u0439\u0441\u043a\u043e\u043c \u0438 \u0440\u0443\u0441\u0441\u043a\u043e\u043c \u044f\u0437\u044b\u043a\u0430\u0445.<\/p>\n<\/div><\/section><\/p><\/div><div class='av-flex-placeholder'><\/div><div class=\"flex_column av_one_third  av-animated-generic left-to-right  flex_column_table_cell av-equal-height-column av-align-top av-zero-column-padding   avia-builder-el-7  el_after_av_one_third  el_before_av_one_third  \" style='border-radius:3px; '><p><div  style='padding-bottom:10px; margin-top:15; ' class='av-special-heading av-special-heading-h2  blockquote modern-quote  avia-builder-el-8  el_before_av_textblock  avia-builder-el-first  '><h2 class='av-special-heading-tag '  itemprop=\"headline\"  >\u041c\u044b \u043f\u0440\u0435\u0434\u043b\u0430\u0433\u0430\u0435\u043c<\/h2><div class='special-heading-border'><div class='special-heading-inner-border' ><\/div><\/div><\/div><br \/>\n<section class=\"av_textblock_section \"  itemscope=\"itemscope\" itemtype=\"https:\/\/schema.org\/CreativeWork\" ><div class='avia_textblock  '   itemprop=\"text\" ><p>\u0441\u0432\u043e\u0438\u043c \u043a\u043b\u0438\u0435\u043d\u0442\u0430\u043c \u0441\u0430\u043c\u044b\u0435 \u043f\u043e\u0434\u0445\u043e\u0434\u044f\u0449\u0438\u0435 \u043f\u0440\u0430\u0432\u043e\u0432\u044b\u0435 \u0440\u0435\u0448\u0435\u043d\u0438\u044f, \u0434\u0435\u043b\u0430\u044f \u0441\u0442\u0430\u0432\u043a\u0443 \u043d\u0430 \u043f\u0440\u043e\u0444\u0435\u0441\u0441\u0438\u043e\u043d\u0430\u043b\u0438\u0437\u043c \u0438 \u043f\u0435\u0440\u0441\u043e\u043d\u0430\u043b\u044c\u043d\u044b\u0439 \u043f\u043e\u0434\u0445\u043e\u0434. \u041c\u044b \u0441\u0442\u0440\u0435\u043c\u0438\u043c\u0441\u044f \u0432 \u0438\u043d\u0442\u0435\u0440\u0435\u0441\u0430\u0445 \u0441\u0432\u043e\u0438\u0445 \u043a\u043b\u0438\u0435\u043d\u0442\u043e\u0432 \u043f\u0440\u0435\u0434\u0443\u043f\u0440\u0435\u0434\u0438\u0442\u044c \u0441\u043f\u043e\u0440\u044b, \u043f\u0440\u043e\u0432\u043e\u0434\u044f \u0434\u043b\u044f \u044d\u0442\u043e\u0433\u043e \u0442\u0449\u0430\u0442\u0435\u043b\u044c\u043d\u044b\u0439 \u044e\u0440\u0438\u0434\u0438\u0447\u0435\u0441\u043a\u0438\u0439 \u0430\u043d\u0430\u043b\u0438\u0437, \u0432\u0435\u0434\u044f \u0441\u043e\u0434\u0435\u0440\u0436\u0430\u0442\u0435\u043b\u044c\u043d\u044b\u0435 \u043f\u0435\u0440\u0435\u0433\u043e\u0432\u043e\u0440\u044b \u0438 \u0437\u0430\u043a\u043b\u044e\u0447\u0430\u044f \u0441 \u043a\u043b\u0438\u0435\u043d\u0442\u0430\u043c\u0438 \u0443\u0434\u043e\u0432\u043b\u0435\u0442\u0432\u043e\u0440\u044f\u044e\u0449\u0438\u0435 \u0438\u0445 \u0441\u043e\u0433\u043b\u0430\u0448\u0435\u043d\u0438\u044f. \u0412 \u0441\u043b\u0443\u0447\u0430\u0435 \u043d\u0435\u0438\u0437\u0431\u0435\u0436\u043d\u043e\u0441\u0442\u0438 \u0441\u043f\u043e\u0440\u0430 \u043c\u044b \u0441\u043f\u043e\u0441\u043e\u0431\u043d\u044b \u043f\u0440\u0435\u0434\u043b\u043e\u0436\u0438\u0442\u044c \u043a\u0430\u0447\u0435\u0441\u0442\u0432\u0435\u043d\u043d\u0443\u044e \u0438 \u043e\u043f\u0438\u0440\u0430\u044e\u0449\u0443\u044e\u0441\u044f \u043d\u0430 \u043c\u043d\u043e\u0433\u043e\u043b\u0435\u0442\u043d\u0438\u0439 \u043e\u043f\u044b\u0442 \u0443\u0441\u043b\u0443\u0433\u0443 \u043f\u0440\u0435\u0434\u0441\u0442\u0430\u0432\u0438\u0442\u0435\u043b\u044c\u0441\u0442\u0432\u0430 \u0438 \u043a\u043e\u043d\u0441\u0443\u043b\u044c\u0442\u0438\u0440\u043e\u0432\u0430\u043d\u0438\u044f \u0432\u043e \u0432\u0441\u0435\u0445 \u0432\u0438\u0434\u0430\u0445 \u0441\u0443\u0434\u0435\u0431\u043d\u043e\u0433\u043e, \u0430\u0440\u0431\u0438\u0442\u0440\u0430\u0436\u043d\u043e\u0433\u043e, \u0430 \u0442\u0430\u043a\u0436\u0435 \u0432\u043d\u0435\u0441\u0443\u0434\u0435\u0431\u043d\u043e\u0433\u043e \u043f\u0440\u043e\u0438\u0437\u0432\u043e\u0434\u0441\u0442\u0432\u0430.<\/p>\n<\/div><\/section><\/p><\/div><div class='av-flex-placeholder'><\/div><div class=\"flex_column av_one_third  av-animated-generic left-to-right  flex_column_table_cell av-equal-height-column av-align-top av-zero-column-padding   avia-builder-el-10  el_after_av_one_third  avia-builder-el-last  \" style='border-radius:3px; '><p><div  style='padding-bottom:10px; margin-top:15; ' class='av-special-heading av-special-heading-h2  blockquote modern-quote  avia-builder-el-11  el_before_av_textblock  avia-builder-el-first  '><h2 class='av-special-heading-tag '  itemprop=\"headline\"  >\u041a\u0430\u0447\u0435\u0441\u0442\u0432\u0435\u043d\u043d\u0430\u044f \u043f\u0440\u0430\u0432\u043e\u0432\u0430\u044f<\/h2><div class='special-heading-border'><div class='special-heading-inner-border' ><\/div><\/div><\/div><br \/>\n<section class=\"av_textblock_section \"  itemscope=\"itemscope\" itemtype=\"https:\/\/schema.org\/CreativeWork\" ><div class='avia_textblock  '   itemprop=\"text\" ><p>\u0443\u0441\u043b\u0443\u0433\u0430 \u043b\u0435\u0436\u0438\u0442 \u0432 \u043e\u0441\u043d\u043e\u0432\u0435 \u0434\u0435\u044f\u0442\u0435\u043b\u044c\u043d\u043e\u0441\u0442\u0438 \u0410\u0434\u0432\u043e\u043a\u0430\u0442\u0441\u043a\u043e\u0433\u043e \u0431\u044e\u0440\u043e \u041c\u0430\u0440\u0438\u044f \u041c\u044f\u0433\u0438. \u0412 \u0438\u043d\u0442\u0435\u0440\u0435\u0441\u0430\u0445 \u043a\u043b\u0438\u0435\u043d\u0442\u043e\u0432 \u043c\u044b \u0437\u0430\u043d\u0438\u043c\u0430\u0435\u043c\u0441\u044f \u043f\u043e\u0447\u0442\u0438 \u0432\u0441\u0435\u043c\u0438 \u043e\u0442\u0440\u0430\u0441\u043b\u044f\u043c\u0438 \u043f\u0440\u0430\u0432\u0430, \u0432 \u043a\u043e\u0442\u043e\u0440\u044b\u0445 \u0441\u043f\u0435\u0446\u0438\u0430\u043b\u0438\u0437\u0438\u0440\u0443\u044e\u0442\u0441\u044f \u043d\u0430\u0448\u0438 \u0430\u0434\u0432\u043e\u043a\u0430\u0442\u044b \u0438 \u044e\u0440\u0438\u0441\u0442\u044b. \u041d\u043e \u043d\u0430\u0438\u0431\u043e\u043b\u044c\u0448\u0438\u0439 \u0443\u0441\u043f\u0435\u0445 \u043c\u044b \u043f\u0440\u0438\u043d\u0435\u0441\u043b\u0438 \u0441\u0432\u043e\u0438\u043c \u043a\u043b\u0438\u0435\u043d\u0442\u0430\u043c \u0432 \u0433\u0440\u0430\u0436\u0434\u0430\u043d\u0441\u043a\u0438\u0445, \u0430\u0434\u043c\u0438\u043d\u0438\u0441\u0442\u0440\u0430\u0442\u0438\u0432\u043d\u044b\u0445 \u0438 \u0430\u0440\u0431\u0438\u0442\u0440\u0430\u0436\u043d\u044b\u0445 \u0441\u0443\u0434\u043e\u043f\u0440\u043e\u0438\u0437\u0432\u043e\u0434\u0441\u0442\u0432\u0430\u0445, \u0430 \u0442\u0430\u043a\u0436\u0435 \u043f\u0440\u0438 \u043a\u043e\u043d\u0441\u0443\u043b\u044c\u0442\u0438\u0440\u043e\u0432\u0430\u043d\u0438\u0438 \u0432 \u0441\u0444\u0435\u0440\u0435 \u043a\u043e\u043c\u043c\u0435\u0440\u0447\u0435\u0441\u043a\u043e\u0433\u043e \u043f\u0440\u0430\u0432\u0430, \u043e\u0431\u044f\u0437\u0430\u0442\u0435\u043b\u044c\u0441\u0442\u0432\u0435\u043d\u043d\u043e\u0433\u043e \u043f\u0440\u0430\u0432\u0430, \u0441\u0432\u044f\u0437\u0430\u043d\u043d\u043e\u0433\u043e \u0441 \u043d\u0435\u0434\u0432\u0438\u0436\u0438\u043c\u043e\u0441\u0442\u044c\u044e \u043f\u0440\u0430\u0432\u0430, \u043d\u0430\u043b\u043e\u0433\u043e\u0432\u043e\u0433\u043e \u043f\u0440\u0430\u0432\u0430, \u043f\u0440\u0430\u0432\u0430 \u0438\u043d\u0442\u0435\u043b\u043b\u0435\u043a\u0442\u0443\u0430\u043b\u044c\u043d\u043e\u0439 \u0441\u043e\u0431\u0441\u0442\u0432\u0435\u043d\u043d\u043e\u0441\u0442\u0438, \u0432 \u0434\u0435\u043b\u0430\u0445 \u0432 \u0441\u0432\u044f\u0437\u0438 \u0441 \u0431\u0430\u043d\u043a\u0440\u043e\u0442\u0441\u0442\u0432\u043e\u043c \u0438 \u0432 \u0441\u0444\u0435\u0440\u0435 \u0441\u0435\u043c\u0435\u0439\u043d\u043e\u0433\u043e \u043f\u0440\u0430\u0432\u0430. \u0412\u0430\u0436\u043d\u043e\u0439 \u0441\u0444\u0435\u0440\u043e\u0439 \u0434\u0435\u044f\u0442\u0435\u043b\u044c\u043d\u043e\u0441\u0442\u0438 \u043d\u0430\u0448\u0435\u0433\u043e \u0431\u044e\u0440\u043e \u044f\u0432\u043b\u044f\u0435\u0442\u0441\u044f \u0442\u0430\u043a\u0436\u0435 \u043c\u0435\u0434\u0438\u0446\u0438\u043d\u0441\u043a\u043e\u0435 \u043f\u0440\u0430\u0432\u043e \u0438 \u044d\u043a\u043e\u043b\u043e\u0433\u0438\u0447\u0435\u0441\u043a\u043e\u0435 \u043f\u0440\u0430\u0432\u043e.<\/p>\n<\/div><\/section><\/p><\/div><\/div><!--close column table wrapper. Autoclose: 1 -->\n<\/p>\n","protected":false},"excerpt":{"rendered":"","protected":false},"author":1,"featured_media":0,"parent":0,"menu_order":0,"comment_status":"open","ping_status":"closed","template":"","meta":{"footnotes":""},"class_list":["post-1434","page","type-page","status-publish","hentry"],"yoast_head":"<!-- This site is optimized with the Yoast SEO plugin v26.5 - https:\/\/yoast.com\/wordpress\/plugins\/seo\/ -->\n<title>O \u043d\u0430\u0441 - Maria M\u00e4gi Advokaadib\u00fcroo<\/title>\n<meta name=\"robots\" content=\"index, follow, max-snippet:-1, max-image-preview:large, max-video-preview:-1\" \/>\n<link rel=\"canonical\" href=\"https:\/\/www.mmab.ee\/ru\/o-%d0%bd%d0%b0%d1%81\/\" \/>\n<meta property=\"og:locale\" content=\"ru_RU\" \/>\n<meta property=\"og:type\" content=\"article\" \/>\n<meta property=\"og:title\" content=\"O \u043d\u0430\u0441 - Maria M\u00e4gi Advokaadib\u00fcroo\" \/>\n<meta property=\"og:url\" content=\"https:\/\/www.mmab.ee\/ru\/o-%d0%bd%d0%b0%d1%81\/\" \/>\n<meta property=\"og:site_name\" content=\"Maria M\u00e4gi Advokaadib\u00fcroo\" \/>\n<meta property=\"article:modified_time\" content=\"2020-04-20T23:02:31+00:00\" \/>\n<meta name=\"twitter:card\" content=\"summary_large_image\" \/>\n<meta name=\"twitter:label1\" content=\"\u041f\u0440\u0438\u043c\u0435\u0440\u043d\u043e\u0435 \u0432\u0440\u0435\u043c\u044f \u0434\u043b\u044f \u0447\u0442\u0435\u043d\u0438\u044f\" \/>\n\t<meta name=\"twitter:data1\" content=\"5 \u043c\u0438\u043d\u0443\u0442\" \/>\n<script type=\"application\/ld+json\" class=\"yoast-schema-graph\">{\"@context\":\"https:\/\/schema.org\",\"@graph\":[{\"@type\":\"WebPage\",\"@id\":\"https:\/\/www.mmab.ee\/ru\/o-%d0%bd%d0%b0%d1%81\/\",\"url\":\"https:\/\/www.mmab.ee\/ru\/o-%d0%bd%d0%b0%d1%81\/\",\"name\":\"O \u043d\u0430\u0441 - Maria M\u00e4gi Advokaadib\u00fcroo\",\"isPartOf\":{\"@id\":\"https:\/\/www.mmab.ee\/ru\/#website\"},\"datePublished\":\"2020-04-02T06:12:44+00:00\",\"dateModified\":\"2020-04-20T23:02:31+00:00\",\"breadcrumb\":{\"@id\":\"https:\/\/www.mmab.ee\/ru\/o-%d0%bd%d0%b0%d1%81\/#breadcrumb\"},\"inLanguage\":\"ru-RU\",\"potentialAction\":[{\"@type\":\"ReadAction\",\"target\":[\"https:\/\/www.mmab.ee\/ru\/o-%d0%bd%d0%b0%d1%81\/\"]}]},{\"@type\":\"BreadcrumbList\",\"@id\":\"https:\/\/www.mmab.ee\/ru\/o-%d0%bd%d0%b0%d1%81\/#breadcrumb\",\"itemListElement\":[{\"@type\":\"ListItem\",\"position\":1,\"name\":\"Home\",\"item\":\"https:\/\/www.mmab.ee\/ru\/%d0%b0%d0%b4%d0%b2%d0%be%d0%ba%d0%b0%d1%82%d1%81%d0%ba%d0%be%d0%b5-%d0%b1%d1%8e%d1%80%d0%be-%d0%bc%d0%b0%d1%80%d0%b8%d1%8f-%d0%bc%d1%8f%d0%b3%d0%b8\/\"},{\"@type\":\"ListItem\",\"position\":2,\"name\":\"O \u043d\u0430\u0441\"}]},{\"@type\":\"WebSite\",\"@id\":\"https:\/\/www.mmab.ee\/ru\/#website\",\"url\":\"https:\/\/www.mmab.ee\/ru\/\",\"name\":\"Maria M\u00e4gi Advokaadib\u00fcroo\",\"description\":\"Advokaaditeenused k\u00f5igis peamistes \u00f5igusvaldkondades\",\"publisher\":{\"@id\":\"https:\/\/www.mmab.ee\/ru\/#organization\"},\"potentialAction\":[{\"@type\":\"SearchAction\",\"target\":{\"@type\":\"EntryPoint\",\"urlTemplate\":\"https:\/\/www.mmab.ee\/ru\/?s={search_term_string}\"},\"query-input\":{\"@type\":\"PropertyValueSpecification\",\"valueRequired\":true,\"valueName\":\"search_term_string\"}}],\"inLanguage\":\"ru-RU\"},{\"@type\":\"Organization\",\"@id\":\"https:\/\/www.mmab.ee\/ru\/#organization\",\"name\":\"Maria M\u00e4gi Advokaadib\u00fcroo\",\"url\":\"https:\/\/www.mmab.ee\/ru\/\",\"logo\":{\"@type\":\"ImageObject\",\"inLanguage\":\"ru-RU\",\"@id\":\"https:\/\/www.mmab.ee\/ru\/#\/schema\/logo\/image\/\",\"url\":\"https:\/\/www.mmab.ee\/wp-content\/uploads\/2020\/03\/favicon.png\",\"contentUrl\":\"https:\/\/www.mmab.ee\/wp-content\/uploads\/2020\/03\/favicon.png\",\"width\":512,\"height\":512,\"caption\":\"Maria M\u00e4gi Advokaadib\u00fcroo\"},\"image\":{\"@id\":\"https:\/\/www.mmab.ee\/ru\/#\/schema\/logo\/image\/\"}}]}<\/script>\n<!-- \/ Yoast SEO plugin. -->","yoast_head_json":{"title":"O \u043d\u0430\u0441 - Maria M\u00e4gi Advokaadib\u00fcroo","robots":{"index":"index","follow":"follow","max-snippet":"max-snippet:-1","max-image-preview":"max-image-preview:large","max-video-preview":"max-video-preview:-1"},"canonical":"https:\/\/www.mmab.ee\/ru\/o-%d0%bd%d0%b0%d1%81\/","og_locale":"ru_RU","og_type":"article","og_title":"O \u043d\u0430\u0441 - Maria M\u00e4gi Advokaadib\u00fcroo","og_url":"https:\/\/www.mmab.ee\/ru\/o-%d0%bd%d0%b0%d1%81\/","og_site_name":"Maria M\u00e4gi Advokaadib\u00fcroo","article_modified_time":"2020-04-20T23:02:31+00:00","twitter_card":"summary_large_image","twitter_misc":{"\u041f\u0440\u0438\u043c\u0435\u0440\u043d\u043e\u0435 \u0432\u0440\u0435\u043c\u044f \u0434\u043b\u044f \u0447\u0442\u0435\u043d\u0438\u044f":"5 \u043c\u0438\u043d\u0443\u0442"},"schema":{"@context":"https:\/\/schema.org","@graph":[{"@type":"WebPage","@id":"https:\/\/www.mmab.ee\/ru\/o-%d0%bd%d0%b0%d1%81\/","url":"https:\/\/www.mmab.ee\/ru\/o-%d0%bd%d0%b0%d1%81\/","name":"O \u043d\u0430\u0441 - Maria M\u00e4gi Advokaadib\u00fcroo","isPartOf":{"@id":"https:\/\/www.mmab.ee\/ru\/#website"},"datePublished":"2020-04-02T06:12:44+00:00","dateModified":"2020-04-20T23:02:31+00:00","breadcrumb":{"@id":"https:\/\/www.mmab.ee\/ru\/o-%d0%bd%d0%b0%d1%81\/#breadcrumb"},"inLanguage":"ru-RU","potentialAction":[{"@type":"ReadAction","target":["https:\/\/www.mmab.ee\/ru\/o-%d0%bd%d0%b0%d1%81\/"]}]},{"@type":"BreadcrumbList","@id":"https:\/\/www.mmab.ee\/ru\/o-%d0%bd%d0%b0%d1%81\/#breadcrumb","itemListElement":[{"@type":"ListItem","position":1,"name":"Home","item":"https:\/\/www.mmab.ee\/ru\/%d0%b0%d0%b4%d0%b2%d0%be%d0%ba%d0%b0%d1%82%d1%81%d0%ba%d0%be%d0%b5-%d0%b1%d1%8e%d1%80%d0%be-%d0%bc%d0%b0%d1%80%d0%b8%d1%8f-%d0%bc%d1%8f%d0%b3%d0%b8\/"},{"@type":"ListItem","position":2,"name":"O \u043d\u0430\u0441"}]},{"@type":"WebSite","@id":"https:\/\/www.mmab.ee\/ru\/#website","url":"https:\/\/www.mmab.ee\/ru\/","name":"Maria M\u00e4gi Advokaadib\u00fcroo","description":"Advokaaditeenused k\u00f5igis peamistes \u00f5igusvaldkondades","publisher":{"@id":"https:\/\/www.mmab.ee\/ru\/#organization"},"potentialAction":[{"@type":"SearchAction","target":{"@type":"EntryPoint","urlTemplate":"https:\/\/www.mmab.ee\/ru\/?s={search_term_string}"},"query-input":{"@type":"PropertyValueSpecification","valueRequired":true,"valueName":"search_term_string"}}],"inLanguage":"ru-RU"},{"@type":"Organization","@id":"https:\/\/www.mmab.ee\/ru\/#organization","name":"Maria M\u00e4gi Advokaadib\u00fcroo","url":"https:\/\/www.mmab.ee\/ru\/","logo":{"@type":"ImageObject","inLanguage":"ru-RU","@id":"https:\/\/www.mmab.ee\/ru\/#\/schema\/logo\/image\/","url":"https:\/\/www.mmab.ee\/wp-content\/uploads\/2020\/03\/favicon.png","contentUrl":"https:\/\/www.mmab.ee\/wp-content\/uploads\/2020\/03\/favicon.png","width":512,"height":512,"caption":"Maria M\u00e4gi Advokaadib\u00fcroo"},"image":{"@id":"https:\/\/www.mmab.ee\/ru\/#\/schema\/logo\/image\/"}}]}},"_links":{"self":[{"href":"https:\/\/www.mmab.ee\/ru\/wp-json\/wp\/v2\/pages\/1434","targetHints":{"allow":["GET"]}}],"collection":[{"href":"https:\/\/www.mmab.ee\/ru\/wp-json\/wp\/v2\/pages"}],"about":[{"href":"https:\/\/www.mmab.ee\/ru\/wp-json\/wp\/v2\/types\/page"}],"author":[{"embeddable":true,"href":"https:\/\/www.mmab.ee\/ru\/wp-json\/wp\/v2\/users\/1"}],"replies":[{"embeddable":true,"href":"https:\/\/www.mmab.ee\/ru\/wp-json\/wp\/v2\/comments?post=1434"}],"version-history":[{"count":4,"href":"https:\/\/www.mmab.ee\/ru\/wp-json\/wp\/v2\/pages\/1434\/revisions"}],"predecessor-version":[{"id":1537,"href":"https:\/\/www.mmab.ee\/ru\/wp-json\/wp\/v2\/pages\/1434\/revisions\/1537"}],"wp:attachment":[{"href":"https:\/\/www.mmab.ee\/ru\/wp-json\/wp\/v2\/media?parent=1434"}],"curies":[{"name":"wp","href":"https:\/\/api.w.org\/{rel}","templated":true}]}}